{"id":16650,"date":"2020-02-24T22:15:15","date_gmt":"2020-02-24T22:15:15","guid":{"rendered":"https:\/\/demo03.houzez.co\/?page_id=16650"},"modified":"2026-04-04T01:55:02","modified_gmt":"2026-04-03T22:55:02","slug":"about","status":"publish","type":"page","link":"https:\/\/alanyahomesforsale.com\/de\/about\/","title":{"rendered":"About"},"content":{"rendered":"<div data-elementor-type=\"wp-page\" data-elementor-id=\"16650\" class=\"elementor elementor-16650\">\n\t\t\t\t\t\t<section class=\"elementor-section elementor-top-section elementor-element elementor-element-5b81e21 elementor-section-height-min-height animated-slow elementor-section-boxed elementor-section-height-default elementor-section-items-middle elementor-invisible\" data-id=\"5b81e21\" data-element_type=\"section\" data-e-type=\"section\" data-settings=\"{&quot;background_background&quot;:&quot;classic&quot;,&quot;animation&quot;:&quot;fadeIn&quot;}\">\n\t\t\t\t\t\t\t<div class=\"elementor-background-overlay\"><\/div>\n\t\t\t\t\t\t\t<div class=\"elementor-container elementor-column-gap-default\">\n\t\t\t\t\t<div class=\"elementor-column elementor-col-100 elementor-top-column elementor-element elementor-element-ad367f8\" data-id=\"ad367f8\" data-element_type=\"column\" data-e-type=\"column\">\n\t\t\t<div class=\"elementor-widget-wrap elementor-element-populated\">\n\t\t\t\t\t\t<div class=\"elementor-element elementor-element-0e7939f elementor-widget elementor-widget-heading\" data-id=\"0e7939f\" data-element_type=\"widget\" data-e-type=\"widget\" data-widget_type=\"heading.default\">\n\t\t\t\t\t<h1 class=\"elementor-heading-title elementor-size-default\">\u00dcber uns<\/h1>\t\t\t\t<\/div>\n\t\t\t\t\t<\/div>\n\t\t<\/div>\n\t\t\t\t\t<\/div>\n\t\t<\/section>\n\t\t\t\t<section class=\"elementor-section elementor-top-section elementor-element elementor-element-09038dc elementor-section-boxed elementor-section-height-default elementor-section-height-default\" data-id=\"09038dc\" data-element_type=\"section\" data-e-type=\"section\" data-settings=\"{&quot;background_background&quot;:&quot;classic&quot;}\">\n\t\t\t\t\t\t<div class=\"elementor-container elementor-column-gap-default\">\n\t\t\t\t\t<div class=\"elementor-column elementor-col-100 elementor-top-column elementor-element elementor-element-c8278ac\" data-id=\"c8278ac\" data-element_type=\"column\" data-e-type=\"column\">\n\t\t\t<div class=\"elementor-widget-wrap elementor-element-populated\">\n\t\t\t\t\t\t<div class=\"elementor-element elementor-element-e7372b6 animated-slow elementor-invisible elementor-widget elementor-widget-houzez_elementor_section_title\" data-id=\"e7372b6\" data-element_type=\"widget\" data-e-type=\"widget\" data-settings=\"{&quot;_animation&quot;:&quot;fadeIn&quot;}\" data-widget_type=\"houzez_elementor_section_title.default\">\n\t\t\t\t<div class=\"elementor-widget-container\">\n\t\t\t\t\t            <div class=\"houzez_section_title_wrap section-title-module\">\n                                    <h2 class=\"houzez_section_title\">Ihr vertrauensw\u00fcrdiger Immobilienpartner in Alanya\n<\/h2>\n                \n                            <\/div>\n            \t\t\t\t<\/div>\n\t\t\t\t<\/div>\n\t\t\t\t<div class=\"elementor-element elementor-element-69fe9b8 elementor-widget elementor-widget-text-editor\" data-id=\"69fe9b8\" data-element_type=\"widget\" data-e-type=\"widget\" data-widget_type=\"text-editor.default\">\n\t\t\t\t\t\t\t\t\t<p data-start=\"330\" data-end=\"909\">Bei <strong data-start=\"348\" data-end=\"363\">Saren-Gruppe<\/strong>Wir setzen uns daf\u00fcr ein, lokalen und internationalen Kunden dabei zu helfen, die besten L\u00f6sungen zu finden. <strong data-start=\"443\" data-end=\"482\">Immobilienm\u00f6glichkeiten in Alanya<\/strong>Mit profunden Kenntnissen des lokalen Immobilienmarktes bieten wir Ihnen sorgf\u00e4ltig ausgew\u00e4hlte Immobilien an. <strong data-start=\"585\" data-end=\"661\">Wohnungen, Villen, Doppelhaush\u00e4lften, Grundst\u00fccke und Anlageimmobilien in Alanya<\/strong> F\u00fcr K\u00e4ufer, die Komfort, Lebensqualit\u00e4t und langfristigen Wert suchen. Unser Ziel ist es nicht einfach nur, Immobilien zu verkaufen, sondern jedem Kunden, der nach einer Immobilie sucht, ein reibungsloses, transparentes und zuverl\u00e4ssiges Erlebnis zu bieten. <strong data-start=\"877\" data-end=\"908\">Immobilien zum Verkauf in Alanya<\/strong>.<\/p><p data-start=\"911\" data-end=\"1548\">Wir verstehen, dass der Kauf einer Immobilie eine der wichtigsten Entscheidungen im Leben ist. Deshalb legen wir Wert auf Vertrauen, klare Kommunikation und individuelle Betreuung w\u00e4hrend des gesamten Prozesses. Egal, ob Sie auf der Suche nach einem Haus oder einer Immobilie sind. <strong data-start=\"1137\" data-end=\"1163\">Ferienhaus in Alanya<\/strong>, ein st\u00e4ndiger Wohnsitz am Meer, ein profitabler <strong data-start=\"1212\" data-end=\"1248\">Immobilieninvestitionen in der T\u00fcrkei<\/strong>Ob es sich um eine Immobilie mit Wachstumspotenzial handelt oder um eine Gewerbeimmobilie, unser Team steht Ihnen mit lokaler Expertise und professionellem Service zur Seite. Durch die Kombination von Marktkenntnissen, kundenorientierten L\u00f6sungen und einem hohen Qualit\u00e4tsanspruch\u2026 <strong data-start=\"1461\" data-end=\"1476\">Saren-Gruppe<\/strong> Ziel ist es, ein vertrauensw\u00fcrdiger Name f\u00fcr alle zu sein, die in Alanya eine Immobilie kaufen m\u00f6chten.<\/p>\t\t\t\t\t\t\t\t<\/div>\n\t\t\t\t\t<\/div>\n\t\t<\/div>\n\t\t\t\t\t<\/div>\n\t\t<\/section>\n\t\t\t\t<section class=\"elementor-section elementor-top-section elementor-element elementor-element-d4ef3f1 elementor-section-boxed elementor-section-height-default elementor-section-height-default\" data-id=\"d4ef3f1\" data-element_type=\"section\" data-e-type=\"section\" data-settings=\"{&quot;background_background&quot;:&quot;classic&quot;}\">\n\t\t\t\t\t\t<div class=\"elementor-container elementor-column-gap-default\">\n\t\t\t\t\t<div class=\"elementor-column elementor-col-50 elementor-top-column elementor-element elementor-element-c18f3e1\" data-id=\"c18f3e1\" data-element_type=\"column\" data-e-type=\"column\">\n\t\t\t<div class=\"elementor-widget-wrap elementor-element-populated\">\n\t\t\t\t\t\t<div class=\"elementor-element elementor-element-04020bd animated-slow elementor-invisible elementor-widget elementor-widget-houzez_elementor_section_title\" data-id=\"04020bd\" data-element_type=\"widget\" data-e-type=\"widget\" data-settings=\"{&quot;_animation&quot;:&quot;fadeIn&quot;}\" data-widget_type=\"houzez_elementor_section_title.default\">\n\t\t\t\t<div class=\"elementor-widget-container\">\n\t\t\t\t\t            <div class=\"houzez_section_title_wrap section-title-module\">\n                                    <h2 class=\"houzez_section_title\">Unsere Mission<\/h2>\n                \n                            <\/div>\n            \t\t\t\t<\/div>\n\t\t\t\t<\/div>\n\t\t\t\t<div class=\"elementor-element elementor-element-3c97b20 elementor-widget elementor-widget-text-editor\" data-id=\"3c97b20\" data-element_type=\"widget\" data-e-type=\"widget\" data-widget_type=\"text-editor.default\">\n\t\t\t\t\t\t\t\t\t<p data-start=\"2771\" data-end=\"3361\">Unsere Mission ist es, einen zuverl\u00e4ssigen und professionellen Service zu bieten. <strong data-start=\"2842\" data-end=\"2875\">Immobiliendienstleistungen in Alanya<\/strong> Wir bringen unsere Kunden mit den passenden Immobilien zusammen, die ihren Zielen, ihrem Budget und ihren Lebensstilvorstellungen entsprechen. Wir vereinfachen den Kauf, Verkauf und die Investition in Immobilien durch ehrliche Beratung, pr\u00e4zise Marktkenntnisse und sorgf\u00e4ltig ausgew\u00e4hlte Angebote in den begehrtesten Lagen von Alanya. Von modernen Apartments und Luxusvillen bis hin zu Grundst\u00fccken und Gewerbeeinheiten \u2013 wir schaffen Mehrwert f\u00fcr jeden Kunden durch die optimale Immobiliensuche und die richtige Strategie.<\/p><p data-start=\"3363\" data-end=\"3922\">Wir sind \u00fcberzeugt, dass erfolgreiche Immobilienberatung mehr als nur Transaktionen umfasst. Unsere Mission ist der Aufbau langfristiger Beziehungen, die auf Vertrauen, Integrit\u00e4t und Kundenzufriedenheit basieren. Deshalb h\u00f6ren wir genau zu, verstehen die individuellen Bed\u00fcrfnisse jedes Kunden und unterst\u00fctzen ihn in jeder Phase seines Weges. Egal, ob jemand nach dem Besten sucht <strong data-start=\"3698\" data-end=\"3731\">Immobilieninvestitionen in Alanya<\/strong>ein Familienhaus in Strandn\u00e4he oder eine sichere Investitionsm\u00f6glichkeit auf dem t\u00fcrkischen Immobilienmarkt, <strong data-start=\"3819\" data-end=\"3834\">Saren-Gruppe<\/strong> ist bestrebt, einen transparenten, reaktionsschnellen und ergebnisorientierten Service zu bieten.<\/p>\t\t\t\t\t\t\t\t<\/div>\n\t\t\t\t\t<\/div>\n\t\t<\/div>\n\t\t\t\t<div class=\"elementor-column elementor-col-50 elementor-top-column elementor-element elementor-element-cfd66dc\" data-id=\"cfd66dc\" data-element_type=\"column\" data-e-type=\"column\">\n\t\t\t<div class=\"elementor-widget-wrap elementor-element-populated\">\n\t\t\t\t\t\t<div class=\"elementor-element elementor-element-f3b38c7 animated-slow elementor-invisible elementor-widget elementor-widget-houzez_elementor_section_title\" data-id=\"f3b38c7\" data-element_type=\"widget\" data-e-type=\"widget\" data-settings=\"{&quot;_animation&quot;:&quot;fadeIn&quot;}\" data-widget_type=\"houzez_elementor_section_title.default\">\n\t\t\t\t<div class=\"elementor-widget-container\">\n\t\t\t\t\t            <div class=\"houzez_section_title_wrap section-title-module\">\n                                    <h2 class=\"houzez_section_title\">Unsere Vision<\/h2>\n                \n                            <\/div>\n            \t\t\t\t<\/div>\n\t\t\t\t<\/div>\n\t\t\t\t<div class=\"elementor-element elementor-element-6b74ee5 elementor-widget elementor-widget-text-editor\" data-id=\"6b74ee5\" data-element_type=\"widget\" data-e-type=\"widget\" data-widget_type=\"text-editor.default\">\n\t\t\t\t\t\t\t\t\t<p data-start=\"5042\" data-end=\"5601\">Unsere Vision ist es, einer der vertrauensw\u00fcrdigsten und anerkanntesten Namen in der Branche zu werden. <strong data-start=\"5133\" data-end=\"5162\">Immobilienmarkt von Alanya<\/strong>Wir sind bekannt f\u00fcr Exzellenz, Zuverl\u00e4ssigkeit und eine kundenorientierte Arbeitsweise. Unser Ziel ist es, die erste Wahl f\u00fcr lokale und internationale K\u00e4ufer zu sein, die nach \u2026 suchen. <strong data-start=\"5316\" data-end=\"5346\">Immobilien in Alanya, T\u00fcrkei<\/strong>Mit einem starken Portfolio, kompetenter Beratung und einem Ruf, der auf Ehrlichkeit und langfristigem Erfolg basiert, wollen wir einen Beitrag zu einem zug\u00e4nglicheren, transparenteren und qualitativ hochwertigeren Immobilienmarkt leisten, w\u00e4hrend die Region weiter w\u00e4chst.<\/p><p data-start=\"5603\" data-end=\"6133\">Wir stellen uns eine Zukunft vor, in der <strong data-start=\"5630\" data-end=\"5645\">Saren-Gruppe<\/strong> steht f\u00fcr erstklassigen Service, fundierte Ortskenntnisse und attraktive Investitionsm\u00f6glichkeiten. Durch die kontinuierliche Verbesserung unserer Servicestandards, die Beobachtung von Markttrends und das Verst\u00e4ndnis der sich wandelnden Erwartungen von K\u00e4ufern und Investoren streben wir danach, eine moderne und angesehene Immobilienmarke zu etablieren. Unsere langfristige Vision ist es, Menschen nicht nur beim Immobilienkauf in Alanya zu unterst\u00fctzen, sondern sie auch dabei zu begleiten, fundierte Entscheidungen zu treffen, die ihren Lebensstil, ihre finanziellen Ziele und ihre Zukunftspl\u00e4ne unterst\u00fctzen.<\/p>\t\t\t\t\t\t\t\t<\/div>\n\t\t\t\t\t<\/div>\n\t\t<\/div>\n\t\t\t\t\t<\/div>\n\t\t<\/section>\n\t\t\t\t<section class=\"elementor-section elementor-top-section elementor-element elementor-element-53bcc24 elementor-section-boxed elementor-section-height-default elementor-section-height-default\" data-id=\"53bcc24\" data-element_type=\"section\" data-e-type=\"section\" data-settings=\"{&quot;background_background&quot;:&quot;classic&quot;}\">\n\t\t\t\t\t\t<div class=\"elementor-container elementor-column-gap-default\">\n\t\t\t\t\t<div class=\"elementor-column elementor-col-100 elementor-top-column elementor-element elementor-element-530b8e0\" data-id=\"530b8e0\" data-element_type=\"column\" data-e-type=\"column\">\n\t\t\t<div class=\"elementor-widget-wrap elementor-element-populated\">\n\t\t\t\t\t\t<div class=\"elementor-element elementor-element-995924e animated-slow elementor-invisible elementor-widget elementor-widget-houzez_elementor_section_title\" data-id=\"995924e\" data-element_type=\"widget\" data-e-type=\"widget\" data-settings=\"{&quot;_animation&quot;:&quot;fadeIn&quot;}\" data-widget_type=\"houzez_elementor_section_title.default\">\n\t\t\t\t<div class=\"elementor-widget-container\">\n\t\t\t\t\t            <div class=\"houzez_section_title_wrap section-title-module\">\n                                    <h2 class=\"houzez_section_title\">Unsere Werte<\/h2>\n                \n                            <\/div>\n            \t\t\t\t<\/div>\n\t\t\t\t<\/div>\n\t\t\t\t<div class=\"elementor-element elementor-element-7773dfa elementor-widget elementor-widget-text-editor\" data-id=\"7773dfa\" data-element_type=\"widget\" data-e-type=\"widget\" data-widget_type=\"text-editor.default\">\n\t\t\t\t\t\t\t\t\t<p data-start=\"7219\" data-end=\"7750\">Bei <strong data-start=\"7237\" data-end=\"7252\">Saren-Gruppe<\/strong>Unsere Werte definieren unsere Arbeitsweise und die Art und Weise, wie wir unsere Kunden betreuen. <strong data-start=\"7328\" data-end=\"7354\">Immobilienmarkt von Alanya<\/strong>. <strong data-start=\"7356\" data-end=\"7365\">Vertrauen<\/strong> Das ist der Kern all unseres Handelns. Wir sind \u00fcberzeugt, dass jeder Kunde w\u00e4hrend des gesamten Kauf- oder Investitionsprozesses ehrliche Informationen, realistische Beratung und absolute Transparenz verdient. <strong data-start=\"7552\" data-end=\"7571\">Professionalit\u00e4t<\/strong> ist ein weiterer zentraler Wert, der unsere Vorgehensweise pr\u00e4gt. Wir setzen uns daf\u00fcr ein, einen organisierten, reaktionsschnellen und kompetenten Service zu bieten, damit sich unsere Kunden stets gut betreut und informiert f\u00fchlen.<\/p><p data-start=\"7752\" data-end=\"8391\">Wir sch\u00e4tzen auch <strong data-start=\"7766\" data-end=\"7784\">Kundenorientierung<\/strong>Denn jeder K\u00e4ufer, Verk\u00e4ufer und Investor hat unterschiedliche Erwartungen, Priorit\u00e4ten und Tr\u00e4ume. Wir nehmen uns die Zeit, diese Unterschiede zu verstehen und bieten ma\u00dfgeschneiderte L\u00f6sungen anstelle von Standardempfehlungen. <strong data-start=\"8004\" data-end=\"8023\">Lokale Expertise<\/strong> ist f\u00fcr uns ebenso wichtig, denn fundierte Kenntnisse \u00fcber Stadtviertel, Preistrends und Investitionspotenzial erm\u00f6glichen es uns, bessere Chancen f\u00fcr unsere Kunden zu schaffen. Schlie\u00dflich glauben wir an <strong data-start=\"8212\" data-end=\"8231\">langfristiger Wert<\/strong>\u2014wir helfen Menschen nicht nur dabei, eine Immobilie zu finden, sondern wir helfen ihnen auch dabei, die richtige Immobilie in Alanya auszuw\u00e4hlen \u2013 f\u00fcr eine bessere Zukunft, h\u00f6here Renditen und mehr Seelenfrieden.<\/p>\t\t\t\t\t\t\t\t<\/div>\n\t\t\t\t\t<\/div>\n\t\t<\/div>\n\t\t\t\t\t<\/div>\n\t\t<\/section>\n\t\t\t\t<\/div>","protected":false},"excerpt":{"rendered":"<p>About Us Your Trusted Real Estate Partner in Alanya At Saren Group, we are committed to helping local and international clients discover the best real estate opportunities in Alanya. With a deep understanding of the local property market, we specialize in offering carefully selected apartments, villas, duplexes, lands, and investment properties in Alanya for buyers [&hellip;]<\/p>","protected":false},"author":1,"featured_media":0,"parent":0,"menu_order":0,"comment_status":"closed","ping_status":"closed","template":"template\/template-homepage.php","meta":{"_monsterinsights_skip_tracking":false,"_monsterinsights_sitenote_active":false,"_monsterinsights_sitenote_note":"","_monsterinsights_sitenote_category":0,"footnotes":""},"class_list":["post-16650","page","type-page","status-publish","hentry"],"yoast_head":"<!-- This site is optimized with the Yoast SEO plugin v27.3 - https:\/\/yoast.com\/product\/yoast-seo-wordpress\/ -->\n<title>About - Alanya Homes For Sale<\/title>\n<meta name=\"robots\" content=\"index, follow, max-snippet:-1, max-image-preview:large, max-video-preview:-1\" \/>\n<link rel=\"canonical\" href=\"https:\/\/alanyahomesforsale.com\/de\/about\/\" \/>\n<meta property=\"og:locale\" content=\"de_DE\" \/>\n<meta property=\"og:type\" content=\"article\" \/>\n<meta property=\"og:title\" content=\"About - Alanya Homes For Sale\" \/>\n<meta property=\"og:description\" content=\"About Us Your Trusted Real Estate Partner in Alanya At Saren Group, we are committed to helping local and international clients discover the best real estate opportunities in Alanya. With a deep understanding of the local property market, we specialize in offering carefully selected apartments, villas, duplexes, lands, and investment properties in Alanya for buyers [&hellip;]\" \/>\n<meta property=\"og:url\" content=\"https:\/\/alanyahomesforsale.com\/de\/about\/\" \/>\n<meta property=\"og:site_name\" content=\"Alanya Homes For Sale\" \/>\n<meta property=\"article:modified_time\" content=\"2026-04-03T22:55:02+00:00\" \/>\n<meta name=\"twitter:card\" content=\"summary_large_image\" \/>\n<meta name=\"twitter:label1\" content=\"Gesch\u00e4tzte Lesezeit\" \/>\n\t<meta name=\"twitter:data1\" content=\"1\u00a0Minute\" \/>\n<script type=\"application\/ld+json\" class=\"yoast-schema-graph\">{\"@context\":\"https:\\\/\\\/schema.org\",\"@graph\":[{\"@type\":\"WebPage\",\"@id\":\"https:\\\/\\\/alanyahomesforsale.com\\\/about\\\/\",\"url\":\"https:\\\/\\\/alanyahomesforsale.com\\\/about\\\/\",\"name\":\"About - Alanya Homes For Sale\",\"isPartOf\":{\"@id\":\"https:\\\/\\\/alanyahomesforsale.com\\\/#website\"},\"datePublished\":\"2020-02-24T22:15:15+00:00\",\"dateModified\":\"2026-04-03T22:55:02+00:00\",\"breadcrumb\":{\"@id\":\"https:\\\/\\\/alanyahomesforsale.com\\\/about\\\/#breadcrumb\"},\"inLanguage\":\"de\",\"potentialAction\":[{\"@type\":\"ReadAction\",\"target\":[\"https:\\\/\\\/alanyahomesforsale.com\\\/about\\\/\"]}]},{\"@type\":\"BreadcrumbList\",\"@id\":\"https:\\\/\\\/alanyahomesforsale.com\\\/about\\\/#breadcrumb\",\"itemListElement\":[{\"@type\":\"ListItem\",\"position\":1,\"name\":\"Anasayfa\",\"item\":\"https:\\\/\\\/alanyahomesforsale.com\\\/\"},{\"@type\":\"ListItem\",\"position\":2,\"name\":\"About\"}]},{\"@type\":\"WebSite\",\"@id\":\"https:\\\/\\\/alanyahomesforsale.com\\\/#website\",\"url\":\"https:\\\/\\\/alanyahomesforsale.com\\\/\",\"name\":\"Alanya Homes For Sale\",\"description\":\"Alanya Homes For Sale\",\"potentialAction\":[{\"@type\":\"SearchAction\",\"target\":{\"@type\":\"EntryPoint\",\"urlTemplate\":\"https:\\\/\\\/alanyahomesforsale.com\\\/?s={search_term_string}\"},\"query-input\":{\"@type\":\"PropertyValueSpecification\",\"valueRequired\":true,\"valueName\":\"search_term_string\"}}],\"inLanguage\":\"de\"}]}<\/script>\n<!-- \/ Yoast SEO plugin. -->","yoast_head_json":{"title":"About - Alanya Homes For Sale","robots":{"index":"index","follow":"follow","max-snippet":"max-snippet:-1","max-image-preview":"max-image-preview:large","max-video-preview":"max-video-preview:-1"},"canonical":"https:\/\/alanyahomesforsale.com\/de\/about\/","og_locale":"de_DE","og_type":"article","og_title":"About - Alanya Homes For Sale","og_description":"About Us Your Trusted Real Estate Partner in Alanya At Saren Group, we are committed to helping local and international clients discover the best real estate opportunities in Alanya. With a deep understanding of the local property market, we specialize in offering carefully selected apartments, villas, duplexes, lands, and investment properties in Alanya for buyers [&hellip;]","og_url":"https:\/\/alanyahomesforsale.com\/de\/about\/","og_site_name":"Alanya Homes For Sale","article_modified_time":"2026-04-03T22:55:02+00:00","twitter_card":"summary_large_image","twitter_misc":{"Gesch\u00e4tzte Lesezeit":"1\u00a0Minute"},"schema":{"@context":"https:\/\/schema.org","@graph":[{"@type":"WebPage","@id":"https:\/\/alanyahomesforsale.com\/about\/","url":"https:\/\/alanyahomesforsale.com\/about\/","name":"About - Alanya Homes For Sale","isPartOf":{"@id":"https:\/\/alanyahomesforsale.com\/#website"},"datePublished":"2020-02-24T22:15:15+00:00","dateModified":"2026-04-03T22:55:02+00:00","breadcrumb":{"@id":"https:\/\/alanyahomesforsale.com\/about\/#breadcrumb"},"inLanguage":"de","potentialAction":[{"@type":"ReadAction","target":["https:\/\/alanyahomesforsale.com\/about\/"]}]},{"@type":"BreadcrumbList","@id":"https:\/\/alanyahomesforsale.com\/about\/#breadcrumb","itemListElement":[{"@type":"ListItem","position":1,"name":"Anasayfa","item":"https:\/\/alanyahomesforsale.com\/"},{"@type":"ListItem","position":2,"name":"About"}]},{"@type":"WebSite","@id":"https:\/\/alanyahomesforsale.com\/#website","url":"https:\/\/alanyahomesforsale.com\/","name":"Alanya Homes For Sale","description":"Alanya Homes For Sale","potentialAction":[{"@type":"SearchAction","target":{"@type":"EntryPoint","urlTemplate":"https:\/\/alanyahomesforsale.com\/?s={search_term_string}"},"query-input":{"@type":"PropertyValueSpecification","valueRequired":true,"valueName":"search_term_string"}}],"inLanguage":"de"}]}},"_links":{"self":[{"href":"https:\/\/alanyahomesforsale.com\/de\/wp-json\/wp\/v2\/pages\/16650","targetHints":{"allow":["GET"]}}],"collection":[{"href":"https:\/\/alanyahomesforsale.com\/de\/wp-json\/wp\/v2\/pages"}],"about":[{"href":"https:\/\/alanyahomesforsale.com\/de\/wp-json\/wp\/v2\/types\/page"}],"author":[{"embeddable":true,"href":"https:\/\/alanyahomesforsale.com\/de\/wp-json\/wp\/v2\/users\/1"}],"replies":[{"embeddable":true,"href":"https:\/\/alanyahomesforsale.com\/de\/wp-json\/wp\/v2\/comments?post=16650"}],"version-history":[{"count":4,"href":"https:\/\/alanyahomesforsale.com\/de\/wp-json\/wp\/v2\/pages\/16650\/revisions"}],"predecessor-version":[{"id":17629,"href":"https:\/\/alanyahomesforsale.com\/de\/wp-json\/wp\/v2\/pages\/16650\/revisions\/17629"}],"wp:attachment":[{"href":"https:\/\/alanyahomesforsale.com\/de\/wp-json\/wp\/v2\/media?parent=16650"}],"curies":[{"name":"wp","href":"https:\/\/api.w.org\/{rel}","templated":true}]}}